{"id":1750,"date":"2022-03-04T17:08:20","date_gmt":"2022-03-04T17:08:20","guid":{"rendered":"https:\/\/jeffreyandre.com\/?page_id=1750"},"modified":"2024-08-29T19:31:36","modified_gmt":"2024-08-29T19:31:36","slug":"paquetes-de-boda","status":"publish","type":"page","link":"https:\/\/jeffweddings.com\/?page_id=1750","title":{"rendered":"PAQUETES DE BODA"},"content":{"rendered":"\t\t<div data-elementor-type=\"wp-page\" data-elementor-id=\"1750\" class=\"elementor elementor-1750\">\n\t\t\t\t\t\t<div class=\"elementor-inner\">\n\t\t\t\t<div class=\"elementor-section-wrap\">\n\t\t\t\t\t\t\t\t\t<header class=\"elementor-section elementor-top-section elementor-element elementor-element-df9af2d elementor-section-boxed elementor-section-height-default elementor-section-height-default\" data-id=\"df9af2d\" data-element_type=\"section\" data-settings=\"{&quot;background_background&quot;:&quot;classic&quot;}\">\n\t\t\t\t\t\t\t<div class=\"elementor-background-overlay\"><\/div>\n\t\t\t\t\t\t\t<div class=\"elementor-container elementor-column-gap-custom\">\n\t\t\t\t\t\t\t<div class=\"elementor-row\">\n\t\t\t\t\t<header class=\"elementor-column elementor-col-100 elementor-top-column elementor-element elementor-element-57faa06\" data-id=\"57faa06\" data-element_type=\"column\">\n\t\t\t<div class=\"elementor-column-wrap elementor-element-populated\">\n\t\t\t\t\t\t\t<div class=\"elementor-widget-wrap\">\n\t\t\t\t\t\t<div class=\"elementor-element elementor-element-3900cf6 elementor-widget elementor-widget-heading\" data-id=\"3900cf6\" data-element_type=\"widget\" data-widget_type=\"heading.default\">\n\t\t\t\t<div class=\"elementor-widget-container\">\n\t\t\t<h1 class=\"elementor-heading-title elementor-size-default\">PAQUETES DE BODAS<\/h1>\t\t<\/div>\n\t\t\t\t<\/div>\n\t\t\t\t\t\t<\/div>\n\t\t\t\t\t<\/div>\n\t\t<\/header>\n\t\t\t\t\t\t\t\t<\/div>\n\t\t\t\t\t<\/div>\n\t\t<\/header>\n\t\t\t\t<section class=\"elementor-section elementor-top-section elementor-element elementor-element-db0c3c9 elementor-section-boxed elementor-section-height-default elementor-section-height-default\" data-id=\"db0c3c9\" data-element_type=\"section\" data-settings=\"{&quot;background_background&quot;:&quot;classic&quot;}\">\n\t\t\t\t\t\t\t<div class=\"elementor-background-overlay\"><\/div>\n\t\t\t\t\t\t\t<div class=\"elementor-container elementor-column-gap-no\">\n\t\t\t\t\t\t\t<div class=\"elementor-row\">\n\t\t\t\t\t<div class=\"elementor-column elementor-col-50 elementor-top-column elementor-element elementor-element-d54a219\" data-id=\"d54a219\" data-element_type=\"column\">\n\t\t\t<div class=\"elementor-column-wrap elementor-element-populated\">\n\t\t\t\t\t\t\t<div class=\"elementor-widget-wrap\">\n\t\t\t\t\t\t<div class=\"elementor-element elementor-element-3940246 elementor-widget elementor-widget-heading\" data-id=\"3940246\" data-element_type=\"widget\" data-widget_type=\"heading.default\">\n\t\t\t\t<div class=\"elementor-widget-container\">\n\t\t\t<h2 class=\"elementor-heading-title elementor-size-default\">FOTO &amp; VIDEO: <\/h2>\t\t<\/div>\n\t\t\t\t<\/div>\n\t\t\t\t<div class=\"elementor-element elementor-element-32ae8db elementor-widget elementor-widget-text-editor\" data-id=\"32ae8db\" data-element_type=\"widget\" data-widget_type=\"text-editor.default\">\n\t\t\t\t<div class=\"elementor-widget-container\">\n\t\t\t\t\t\t\t\t<div class=\"elementor-text-editor elementor-clearfix\">\n\t\t\t\t<p><span style=\"color: #808000;\"><em>Fotos + Films + Drone<\/em><\/span><\/p><p><span style=\"text-decoration: underline;\"><em>Fotograf\u00eda:<\/em><\/span><br \/>+ 1 Fot\u00f3grafo (Jeff)<br \/>+ Promedio de 700 fotos a m\u00e1s, en alta resoluci\u00f3n<br \/>+ Preboda &#8211; Sesi\u00f3n de 1 hora<br \/>+ Edici\u00f3n de Color<br \/>+ 11 horas de cobertura el dia de la boda<\/p><p><span style=\"text-decoration: underline;\">Films:<\/span><br \/>+ 1 Vide\u00f3grafo\u00a0<br \/>+ 1 Video Reel de 3m.<br \/>+ 1 Video de 30m aprox.<br \/>+ Resoluci\u00f3n 4k <br \/>+ Incluye Drone<\/p><p>Entrega:<br \/>Galer\u00eda Profesional Online.<\/p><p>Nota:<br \/>Reservas de fecha con 20% de adelanto + firma de contrato. <br \/>Incluye movilidad dentro de Lima (Cieneguilla, Pachacamac)<\/p><p>Todas las fotos se entregan editadas.<\/p><p>Proceso de entrega: 30 d\u00edas.<\/p>\t\t\t\t\t<\/div>\n\t\t\t\t\t\t<\/div>\n\t\t\t\t<\/div>\n\t\t\t\t<div class=\"elementor-element elementor-element-25320c0 elementor-align-left elementor-widget elementor-widget-button\" data-id=\"25320c0\" data-element_type=\"widget\" data-widget_type=\"button.default\">\n\t\t\t\t<div class=\"elementor-widget-container\">\n\t\t\t\t\t<div class=\"elementor-button-wrapper\">\n\t\t\t<a href=\"https:\/\/wa.link\/hniii7\" class=\"elementor-button-link elementor-button elementor-size-sm\" role=\"button\">\n\t\t\t\t\t\t<span class=\"elementor-button-content-wrapper\">\n\t\t\t\t\t\t\t<span class=\"elementor-button-icon elementor-align-icon-right\">\n\t\t\t\t<i aria-hidden=\"true\" class=\"fab fa-whatsapp\"><\/i>\t\t\t<\/span>\n\t\t\t\t\t\t<span class=\"elementor-button-text\">CONSIGUE EL PRECIO<\/span>\n\t\t<\/span>\n\t\t\t\t\t<\/a>\n\t\t<\/div>\n\t\t\t\t<\/div>\n\t\t\t\t<\/div>\n\t\t\t\t\t\t<\/div>\n\t\t\t\t\t<\/div>\n\t\t<\/div>\n\t\t\t\t<div class=\"elementor-column elementor-col-50 elementor-top-column elementor-element elementor-element-ae4a00d\" data-id=\"ae4a00d\" data-element_type=\"column\" data-settings=\"{&quot;background_background&quot;:&quot;classic&quot;}\">\n\t\t\t<div class=\"elementor-column-wrap elementor-element-populated\">\n\t\t\t\t\t\t\t<div class=\"elementor-widget-wrap\">\n\t\t\t\t\t\t<div class=\"elementor-element elementor-element-1c59f0e elementor-widget elementor-widget-image\" data-id=\"1c59f0e\" data-element_type=\"widget\" data-widget_type=\"image.default\">\n\t\t\t\t<div class=\"elementor-widget-container\">\n\t\t\t\t\t\t\t\t<div class=\"elementor-image\">\n\t\t\t\t\t\t\t\t\t\t\t\t<img decoding=\"async\" width=\"682\" height=\"1024\" src=\"https:\/\/jeffweddings.com\/wp-content\/uploads\/2024\/08\/web-2-1-682x1024.jpg\" class=\"attachment-large size-large\" alt=\"\" loading=\"lazy\" srcset=\"https:\/\/jeffweddings.com\/wp-content\/uploads\/2024\/08\/web-2-1-682x1024.jpg 682w, https:\/\/jeffweddings.com\/wp-content\/uploads\/2024\/08\/web-2-1-200x300.jpg 200w, https:\/\/jeffweddings.com\/wp-content\/uploads\/2024\/08\/web-2-1-768x1154.jpg 768w, https:\/\/jeffweddings.com\/wp-content\/uploads\/2024\/08\/web-2-1-1022x1536.jpg 1022w, https:\/\/jeffweddings.com\/wp-content\/uploads\/2024\/08\/web-2-1.jpg 1363w\" sizes=\"(max-width: 682px) 100vw, 682px\" \/>\t\t\t\t\t\t\t\t\t\t\t\t\t\t<\/div>\n\t\t\t\t\t\t<\/div>\n\t\t\t\t<\/div>\n\t\t\t\t\t\t<\/div>\n\t\t\t\t\t<\/div>\n\t\t<\/div>\n\t\t\t\t\t\t\t\t<\/div>\n\t\t\t\t\t<\/div>\n\t\t<\/section>\n\t\t\t\t<section class=\"elementor-section elementor-top-section elementor-element elementor-element-cde89f1 elementor-section-boxed elementor-section-height-default elementor-section-height-default\" data-id=\"cde89f1\" data-element_type=\"section\" data-settings=\"{&quot;background_background&quot;:&quot;classic&quot;}\">\n\t\t\t\t\t\t<div class=\"elementor-container elementor-column-gap-no\">\n\t\t\t\t\t\t\t<div class=\"elementor-row\">\n\t\t\t\t\t<div class=\"elementor-column elementor-col-50 elementor-top-column elementor-element elementor-element-11b7fbc\" data-id=\"11b7fbc\" data-element_type=\"column\">\n\t\t\t<div class=\"elementor-column-wrap elementor-element-populated\">\n\t\t\t\t\t\t\t<div class=\"elementor-widget-wrap\">\n\t\t\t\t\t\t<div class=\"elementor-element elementor-element-613e05c elementor-widget elementor-widget-heading\" data-id=\"613e05c\" data-element_type=\"widget\" data-widget_type=\"heading.default\">\n\t\t\t\t<div class=\"elementor-widget-container\">\n\t\t\t<h2 class=\"elementor-heading-title elementor-size-default\">FOTOS:<br><br>OPCI\u00d3N UNO:<\/h2>\t\t<\/div>\n\t\t\t\t<\/div>\n\t\t\t\t<div class=\"elementor-element elementor-element-837b5fe elementor-widget elementor-widget-text-editor\" data-id=\"837b5fe\" data-element_type=\"widget\" data-widget_type=\"text-editor.default\">\n\t\t\t\t<div class=\"elementor-widget-container\">\n\t\t\t\t\t\t\t\t<div class=\"elementor-text-editor elementor-clearfix\">\n\t\t\t\t<p>+ 1 Fot\u00f3grafo (Jeff)&nbsp;<br>+ Promedio de 700 fotos a m\u00e1s, en alta resoluci\u00f3n<br>+ Preboda &#8211; Sesi\u00f3n de 1 hora&nbsp;<br>+ Edici\u00f3n de Color&nbsp;<br>+ 11 horas de cobertura el dia de la boda<br>+ Incluye movilidad dentro de Lima (Cieneguilla, Pachacamac)<\/p>\n<p>Entrega:<br>Galer\u00eda Profesional online.&nbsp;<\/p>\n<p>Nota:<br>Reservas de fecha con 20% de adelanto + firma de contrato.<br>Todas las fotos se entregan editadas.<\/p>\n<p>Proceso de entrega: 25 d\u00edas.<\/p>\t\t\t\t\t<\/div>\n\t\t\t\t\t\t<\/div>\n\t\t\t\t<\/div>\n\t\t\t\t<div class=\"elementor-element elementor-element-814ca8c elementor-align-left elementor-widget elementor-widget-button\" data-id=\"814ca8c\" data-element_type=\"widget\" data-widget_type=\"button.default\">\n\t\t\t\t<div class=\"elementor-widget-container\">\n\t\t\t\t\t<div class=\"elementor-button-wrapper\">\n\t\t\t<a href=\"https:\/\/wa.link\/2lk5c6\" class=\"elementor-button-link elementor-button elementor-size-sm\" role=\"button\">\n\t\t\t\t\t\t<span class=\"elementor-button-content-wrapper\">\n\t\t\t\t\t\t\t<span class=\"elementor-button-icon elementor-align-icon-right\">\n\t\t\t\t<i aria-hidden=\"true\" class=\"fab fa-whatsapp\"><\/i>\t\t\t<\/span>\n\t\t\t\t\t\t<span class=\"elementor-button-text\">CONSIGUE EL PRECIO<\/span>\n\t\t<\/span>\n\t\t\t\t\t<\/a>\n\t\t<\/div>\n\t\t\t\t<\/div>\n\t\t\t\t<\/div>\n\t\t\t\t\t\t<\/div>\n\t\t\t\t\t<\/div>\n\t\t<\/div>\n\t\t\t\t<div class=\"elementor-column elementor-col-50 elementor-top-column elementor-element elementor-element-e7193fc\" data-id=\"e7193fc\" data-element_type=\"column\" data-settings=\"{&quot;background_background&quot;:&quot;classic&quot;}\">\n\t\t\t<div class=\"elementor-column-wrap elementor-element-populated\">\n\t\t\t\t\t\t\t<div class=\"elementor-widget-wrap\">\n\t\t\t\t\t\t<div class=\"elementor-element elementor-element-9d98703 elementor-widget elementor-widget-image\" data-id=\"9d98703\" data-element_type=\"widget\" data-widget_type=\"image.default\">\n\t\t\t\t<div class=\"elementor-widget-container\">\n\t\t\t\t\t\t\t\t<div class=\"elementor-image\">\n\t\t\t\t\t\t\t\t\t\t\t\t<img decoding=\"async\" width=\"1363\" height=\"2048\" src=\"https:\/\/jeffweddings.com\/wp-content\/uploads\/2024\/08\/PORTFOLIO2-14.jpg\" class=\"attachment-full size-full\" alt=\"\" loading=\"lazy\" srcset=\"https:\/\/jeffweddings.com\/wp-content\/uploads\/2024\/08\/PORTFOLIO2-14.jpg 1363w, https:\/\/jeffweddings.com\/wp-content\/uploads\/2024\/08\/PORTFOLIO2-14-200x300.jpg 200w, https:\/\/jeffweddings.com\/wp-content\/uploads\/2024\/08\/PORTFOLIO2-14-682x1024.jpg 682w, https:\/\/jeffweddings.com\/wp-content\/uploads\/2024\/08\/PORTFOLIO2-14-768x1154.jpg 768w, https:\/\/jeffweddings.com\/wp-content\/uploads\/2024\/08\/PORTFOLIO2-14-1022x1536.jpg 1022w\" sizes=\"(max-width: 1363px) 100vw, 1363px\" \/>\t\t\t\t\t\t\t\t\t\t\t\t\t\t<\/div>\n\t\t\t\t\t\t<\/div>\n\t\t\t\t<\/div>\n\t\t\t\t\t\t<\/div>\n\t\t\t\t\t<\/div>\n\t\t<\/div>\n\t\t\t\t\t\t\t\t<\/div>\n\t\t\t\t\t<\/div>\n\t\t<\/section>\n\t\t\t\t<section class=\"elementor-section elementor-top-section elementor-element elementor-element-5bc46a5 elementor-section-boxed elementor-section-height-default elementor-section-height-default\" data-id=\"5bc46a5\" data-element_type=\"section\">\n\t\t\t\t\t\t<div class=\"elementor-container elementor-column-gap-no\">\n\t\t\t\t\t\t\t<div class=\"elementor-row\">\n\t\t\t\t\t<div class=\"elementor-column elementor-col-50 elementor-top-column elementor-element elementor-element-c8f2ee4\" data-id=\"c8f2ee4\" data-element_type=\"column\">\n\t\t\t<div class=\"elementor-column-wrap elementor-element-populated\">\n\t\t\t\t\t\t\t<div class=\"elementor-widget-wrap\">\n\t\t\t\t\t\t<div class=\"elementor-element elementor-element-4f4769b elementor-widget elementor-widget-heading\" data-id=\"4f4769b\" data-element_type=\"widget\" data-widget_type=\"heading.default\">\n\t\t\t\t<div class=\"elementor-widget-container\">\n\t\t\t<h2 class=\"elementor-heading-title elementor-size-default\">OPCI\u00d3N DOS:<\/h2>\t\t<\/div>\n\t\t\t\t<\/div>\n\t\t\t\t<div class=\"elementor-element elementor-element-2dc8a95 elementor-widget elementor-widget-text-editor\" data-id=\"2dc8a95\" data-element_type=\"widget\" data-widget_type=\"text-editor.default\">\n\t\t\t\t<div class=\"elementor-widget-container\">\n\t\t\t\t\t\t\t\t<div class=\"elementor-text-editor elementor-clearfix\">\n\t\t\t\t<p>+ 2 Fot\u00f3grafos (Jeff + 1 del Staff)<br \/>+ Promedio de 900 fotos a m\u00e1s, en alta resoluci\u00f3n<br \/>+ Preboda &#8211; Sesi\u00f3n de 1 hora\u00a0<br \/>+ Edici\u00f3n de Color\u00a0<br \/>+ 11 horas de cobertura el dia de la boda<br \/>+ Incluye movilidad dentro de Lima (Cieneguilla, Pachacamac)<\/p><p>Entrega:<br \/>Galer\u00eda Profesional online.\u00a0<\/p><p>Nota:<br \/>Reservas de fecha con 20% de adelanto + firma de contrato.<br \/>Todas las fotos se entregan editadas.<\/p><p>Proceso de entrega: 25 d\u00edas.<\/p>\t\t\t\t\t<\/div>\n\t\t\t\t\t\t<\/div>\n\t\t\t\t<\/div>\n\t\t\t\t<div class=\"elementor-element elementor-element-f9628ba elementor-align-left elementor-widget elementor-widget-button\" data-id=\"f9628ba\" data-element_type=\"widget\" data-widget_type=\"button.default\">\n\t\t\t\t<div class=\"elementor-widget-container\">\n\t\t\t\t\t<div class=\"elementor-button-wrapper\">\n\t\t\t<a href=\"https:\/\/wa.link\/rcn9hw\" class=\"elementor-button-link elementor-button elementor-size-sm\" role=\"button\">\n\t\t\t\t\t\t<span class=\"elementor-button-content-wrapper\">\n\t\t\t\t\t\t\t<span class=\"elementor-button-icon elementor-align-icon-right\">\n\t\t\t\t<i aria-hidden=\"true\" class=\"fab fa-whatsapp\"><\/i>\t\t\t<\/span>\n\t\t\t\t\t\t<span class=\"elementor-button-text\">CONSIGUE EL PRECIO<\/span>\n\t\t<\/span>\n\t\t\t\t\t<\/a>\n\t\t<\/div>\n\t\t\t\t<\/div>\n\t\t\t\t<\/div>\n\t\t\t\t\t\t<\/div>\n\t\t\t\t\t<\/div>\n\t\t<\/div>\n\t\t\t\t<div class=\"elementor-column elementor-col-50 elementor-top-column elementor-element elementor-element-801a45c\" data-id=\"801a45c\" data-element_type=\"column\" data-settings=\"{&quot;background_background&quot;:&quot;classic&quot;}\">\n\t\t\t<div class=\"elementor-column-wrap elementor-element-populated\">\n\t\t\t\t\t\t\t<div class=\"elementor-widget-wrap\">\n\t\t\t\t\t\t<div class=\"elementor-element elementor-element-03c69d9 elementor-widget elementor-widget-image\" data-id=\"03c69d9\" data-element_type=\"widget\" data-widget_type=\"image.default\">\n\t\t\t\t<div class=\"elementor-widget-container\">\n\t\t\t\t\t\t\t\t<div class=\"elementor-image\">\n\t\t\t\t\t\t\t\t\t\t\t\t<img decoding=\"async\" width=\"1363\" height=\"2048\" src=\"https:\/\/jeffweddings.com\/wp-content\/uploads\/2024\/08\/web-1.jpg\" class=\"attachment-full size-full\" alt=\"\" loading=\"lazy\" srcset=\"https:\/\/jeffweddings.com\/wp-content\/uploads\/2024\/08\/web-1.jpg 1363w, https:\/\/jeffweddings.com\/wp-content\/uploads\/2024\/08\/web-1-200x300.jpg 200w, https:\/\/jeffweddings.com\/wp-content\/uploads\/2024\/08\/web-1-682x1024.jpg 682w, https:\/\/jeffweddings.com\/wp-content\/uploads\/2024\/08\/web-1-768x1154.jpg 768w, https:\/\/jeffweddings.com\/wp-content\/uploads\/2024\/08\/web-1-1022x1536.jpg 1022w\" sizes=\"(max-width: 1363px) 100vw, 1363px\" \/>\t\t\t\t\t\t\t\t\t\t\t\t\t\t<\/div>\n\t\t\t\t\t\t<\/div>\n\t\t\t\t<\/div>\n\t\t\t\t\t\t<\/div>\n\t\t\t\t\t<\/div>\n\t\t<\/div>\n\t\t\t\t\t\t\t\t<\/div>\n\t\t\t\t\t<\/div>\n\t\t<\/section>\n\t\t\t\t<section class=\"elementor-section elementor-top-section elementor-element elementor-element-612d7d1 elementor-section-boxed elementor-section-height-default elementor-section-height-default\" data-id=\"612d7d1\" data-element_type=\"section\">\n\t\t\t\t\t\t<div class=\"elementor-container elementor-column-gap-no\">\n\t\t\t\t\t\t\t<div class=\"elementor-row\">\n\t\t\t\t\t<div class=\"elementor-column elementor-col-50 elementor-top-column elementor-element elementor-element-9fc522b\" data-id=\"9fc522b\" data-element_type=\"column\">\n\t\t\t<div class=\"elementor-column-wrap elementor-element-populated\">\n\t\t\t\t\t\t\t<div class=\"elementor-widget-wrap\">\n\t\t\t\t\t\t<div class=\"elementor-element elementor-element-5beaf14 elementor-widget elementor-widget-heading\" data-id=\"5beaf14\" data-element_type=\"widget\" data-widget_type=\"heading.default\">\n\t\t\t\t<div class=\"elementor-widget-container\">\n\t\t\t<h2 class=\"elementor-heading-title elementor-size-default\">FOTOS POR HORAS: <\/h2>\t\t<\/div>\n\t\t\t\t<\/div>\n\t\t\t\t<div class=\"elementor-element elementor-element-32ef2fe elementor-widget elementor-widget-text-editor\" data-id=\"32ef2fe\" data-element_type=\"widget\" data-widget_type=\"text-editor.default\">\n\t\t\t\t<div class=\"elementor-widget-container\">\n\t\t\t\t\t\t\t\t<div class=\"elementor-text-editor elementor-clearfix\">\n\t\t\t\t<p><span style=\"color: #808000;\"><em>(<\/em><\/span><span style=\"color: #808000;\"><i>Ceremonia Civil, Pedidas, Post Boda, Session couples)\u00a0<\/i><\/span><\/p><p>1\u00a0 Hora\u00a0 : 70 Fotos aprox<br \/>2 Horas: 140 Fotos aprox<br \/>4 Horas: 250 Fotos aprox.<\/p><p>Edici\u00f3n de color<\/p><p>Entrega: Galer\u00eda Profesional Online\u00a0<br \/>Incluye movilidad dentro de Lima Metropolitana.<\/p><p>Todas las fotos se entregan editadas.<\/p><p>Proceso de entrega: 15 d\u00edas.<\/p>\t\t\t\t\t<\/div>\n\t\t\t\t\t\t<\/div>\n\t\t\t\t<\/div>\n\t\t\t\t<div class=\"elementor-element elementor-element-7f8f3f9 elementor-align-left elementor-widget elementor-widget-button\" data-id=\"7f8f3f9\" data-element_type=\"widget\" data-widget_type=\"button.default\">\n\t\t\t\t<div class=\"elementor-widget-container\">\n\t\t\t\t\t<div class=\"elementor-button-wrapper\">\n\t\t\t<a href=\"https:\/\/wa.link\/8b2ap7\" class=\"elementor-button-link elementor-button elementor-size-sm\" role=\"button\">\n\t\t\t\t\t\t<span class=\"elementor-button-content-wrapper\">\n\t\t\t\t\t\t\t<span class=\"elementor-button-icon elementor-align-icon-right\">\n\t\t\t\t<i aria-hidden=\"true\" class=\"fab fa-whatsapp\"><\/i>\t\t\t<\/span>\n\t\t\t\t\t\t<span class=\"elementor-button-text\">CONSIGUE EL PRECIO<\/span>\n\t\t<\/span>\n\t\t\t\t\t<\/a>\n\t\t<\/div>\n\t\t\t\t<\/div>\n\t\t\t\t<\/div>\n\t\t\t\t\t\t<\/div>\n\t\t\t\t\t<\/div>\n\t\t<\/div>\n\t\t\t\t<div class=\"elementor-column elementor-col-50 elementor-top-column elementor-element elementor-element-68d20a0\" data-id=\"68d20a0\" data-element_type=\"column\" data-settings=\"{&quot;background_background&quot;:&quot;classic&quot;}\">\n\t\t\t<div class=\"elementor-column-wrap elementor-element-populated\">\n\t\t\t\t\t\t\t<div class=\"elementor-widget-wrap\">\n\t\t\t\t\t\t<div class=\"elementor-element elementor-element-e0663be elementor-widget elementor-widget-image\" data-id=\"e0663be\" data-element_type=\"widget\" data-widget_type=\"image.default\">\n\t\t\t\t<div class=\"elementor-widget-container\">\n\t\t\t\t\t\t\t\t<div class=\"elementor-image\">\n\t\t\t\t\t\t\t\t\t\t\t\t<img decoding=\"async\" width=\"1024\" height=\"732\" src=\"https:\/\/jeffweddings.com\/wp-content\/uploads\/2024\/08\/PORTFOLIO2-21-1024x732.jpg\" class=\"attachment-large size-large\" alt=\"\" loading=\"lazy\" srcset=\"https:\/\/jeffweddings.com\/wp-content\/uploads\/2024\/08\/PORTFOLIO2-21-1024x732.jpg 1024w, https:\/\/jeffweddings.com\/wp-content\/uploads\/2024\/08\/PORTFOLIO2-21-300x214.jpg 300w, https:\/\/jeffweddings.com\/wp-content\/uploads\/2024\/08\/PORTFOLIO2-21-768x549.jpg 768w, https:\/\/jeffweddings.com\/wp-content\/uploads\/2024\/08\/PORTFOLIO2-21-1536x1097.jpg 1536w, https:\/\/jeffweddings.com\/wp-content\/uploads\/2024\/08\/PORTFOLIO2-21.jpg 2048w\" sizes=\"(max-width: 1024px) 100vw, 1024px\" \/>\t\t\t\t\t\t\t\t\t\t\t\t\t\t<\/div>\n\t\t\t\t\t\t<\/div>\n\t\t\t\t<\/div>\n\t\t\t\t<div class=\"elementor-element elementor-element-090b446 elementor-widget elementor-widget-image\" data-id=\"090b446\" data-element_type=\"widget\" data-widget_type=\"image.default\">\n\t\t\t\t<div class=\"elementor-widget-container\">\n\t\t\t\t\t\t\t\t<div class=\"elementor-image\">\n\t\t\t\t\t\t\t\t\t\t\t\t<img decoding=\"async\" width=\"1024\" height=\"732\" src=\"https:\/\/jeffweddings.com\/wp-content\/uploads\/2024\/08\/PORTFOLIO2-10-1024x732.jpg\" class=\"attachment-large size-large\" alt=\"\" loading=\"lazy\" srcset=\"https:\/\/jeffweddings.com\/wp-content\/uploads\/2024\/08\/PORTFOLIO2-10-1024x732.jpg 1024w, https:\/\/jeffweddings.com\/wp-content\/uploads\/2024\/08\/PORTFOLIO2-10-300x214.jpg 300w, https:\/\/jeffweddings.com\/wp-content\/uploads\/2024\/08\/PORTFOLIO2-10-768x549.jpg 768w, https:\/\/jeffweddings.com\/wp-content\/uploads\/2024\/08\/PORTFOLIO2-10-1536x1097.jpg 1536w, https:\/\/jeffweddings.com\/wp-content\/uploads\/2024\/08\/PORTFOLIO2-10.jpg 2048w\" sizes=\"(max-width: 1024px) 100vw, 1024px\" \/>\t\t\t\t\t\t\t\t\t\t\t\t\t\t<\/div>\n\t\t\t\t\t\t<\/div>\n\t\t\t\t<\/div>\n\t\t\t\t\t\t<\/div>\n\t\t\t\t\t<\/div>\n\t\t<\/div>\n\t\t\t\t\t\t\t\t<\/div>\n\t\t\t\t\t<\/div>\n\t\t<\/section>\n\t\t\t\t\t\t\t\t\t<\/div>\n\t\t\t<\/div>\n\t\t\t\t\t<\/div>\n\t\t","protected":false},"excerpt":{"rendered":"<p>PAQUETES DE BODAS FOTO &amp; VIDEO: Fotos + Films + Drone Fotograf\u00eda:+ 1 Fot\u00f3grafo (Jeff)+ Promedio de 700 fotos a m\u00e1s, en alta resoluci\u00f3n+ Preboda &#8211; Sesi\u00f3n de 1 hora+ Edici\u00f3n de Color+ 11 horas de cobertura el dia de la boda Films:+ 1 Vide\u00f3grafo\u00a0+ 1 Video Reel de 3m.+ 1 Video de 30m aprox.+ &hellip;<\/p>\n<p class=\"read-more\"> <a class=\"\" href=\"https:\/\/jeffweddings.com\/?page_id=1750\"> <span class=\"screen-reader-text\">PAQUETES DE BODA<\/span> Leer m\u00e1s &raquo;<\/a><\/p>\n","protected":false},"author":1,"featured_media":0,"parent":0,"menu_order":0,"comment_status":"closed","ping_status":"closed","template":"","meta":{"_mi_skip_tracking":false,"site-sidebar-layout":"no-sidebar","site-content-layout":"page-builder","ast-site-content-layout":"","site-content-style":"default","site-sidebar-style":"default","ast-global-header-display":"","ast-banner-title-visibility":"","ast-main-header-display":"","ast-hfb-above-header-display":"","ast-hfb-below-header-display":"","ast-hfb-mobile-header-display":"","site-post-title":"disabled","ast-breadcrumbs-content":"","ast-featured-img":"disabled","footer-sml-layout":"","theme-transparent-header-meta":"default","adv-header-id-meta":"","stick-header-meta":"","header-above-stick-meta":"","header-main-stick-meta":"","header-below-stick-meta":"","astra-migrate-meta-layouts":"","ast-page-background-enabled":"default","ast-page-background-meta":{"desktop":{"background-color":"var(--ast-global-color-4)","background-image":"","background-repeat":"repeat","background-position":"center center","background-size":"auto","background-attachment":"scroll","background-type":"","background-media":"","overlay-type":"","overlay-color":"","overlay-gradient":""},"tablet":{"background-color":"","background-image":"","background-repeat":"repeat","background-position":"center center","background-size":"auto","background-attachment":"scroll","background-type":"","background-media":"","overlay-type":"","overlay-color":"","overlay-gradient":""},"mobile":{"background-color":"","background-image":"","background-repeat":"repeat","background-position":"center center","background-size":"auto","background-attachment":"scroll","background-type":"","background-media":"","overlay-type":"","overlay-color":"","overlay-gradient":""}},"ast-content-background-meta":{"desktop":{"background-color":"var(--ast-global-color-5)","background-image":"","background-repeat":"repeat","background-position":"center center","background-size":"auto","background-attachment":"scroll","background-type":"","background-media":"","overlay-type":"","overlay-color":"","overlay-gradient":""},"tablet":{"background-color":"var(--ast-global-color-5)","background-image":"","background-repeat":"repeat","background-position":"center center","background-size":"auto","background-attachment":"scroll","background-type":"","background-media":"","overlay-type":"","overlay-color":"","overlay-gradient":""},"mobile":{"background-color":"var(--ast-global-color-5)","background-image":"","background-repeat":"repeat","background-position":"center center","background-size":"auto","background-attachment":"scroll","background-type":"","background-media":"","overlay-type":"","overlay-color":"","overlay-gradient":""}}},"_links":{"self":[{"href":"https:\/\/jeffweddings.com\/index.php?rest_route=\/wp\/v2\/pages\/1750"}],"collection":[{"href":"https:\/\/jeffweddings.com\/index.php?rest_route=\/wp\/v2\/pages"}],"about":[{"href":"https:\/\/jeffweddings.com\/index.php?rest_route=\/wp\/v2\/types\/page"}],"author":[{"embeddable":true,"href":"https:\/\/jeffweddings.com\/index.php?rest_route=\/wp\/v2\/users\/1"}],"replies":[{"embeddable":true,"href":"https:\/\/jeffweddings.com\/index.php?rest_route=%2Fwp%2Fv2%2Fcomments&post=1750"}],"version-history":[{"count":1391,"href":"https:\/\/jeffweddings.com\/index.php?rest_route=\/wp\/v2\/pages\/1750\/revisions"}],"predecessor-version":[{"id":7286,"href":"https:\/\/jeffweddings.com\/index.php?rest_route=\/wp\/v2\/pages\/1750\/revisions\/7286"}],"wp:attachment":[{"href":"https:\/\/jeffweddings.com\/index.php?rest_route=%2Fwp%2Fv2%2Fmedia&parent=1750"}],"curies":[{"name":"wp","href":"https:\/\/api.w.org\/{rel}","templated":true}]}}